{"id":3,"date":"2025-07-21T15:24:50","date_gmt":"2025-07-21T15:24:50","guid":{"rendered":"http:\/\/www.toison.fr\/?page_id=3"},"modified":"2025-07-21T17:46:55","modified_gmt":"2025-07-21T17:46:55","slug":"privacy-policy","status":"publish","type":"page","link":"https:\/\/www.toison.fr\/index.php\/privacy-policy\/","title":{"rendered":"Mentions legales"},"content":{"rendered":"\n<h2 class=\"wp-block-heading\">Ce site internet accessible \u00e0 l\u2019adresse\u00a0<a href=\"http:\/\/www.toison.fr\/\" target=\"_blank\" rel=\"noreferrer noopener\">www.toison.fr<\/a>\u00a0est \u00e9dit\u00e9 par\u00a0:<br><strong>Marc Burgot<\/strong><br>Siret :\u00a0480 615 988 23<br>21, rue de la croix de paix<br>44740 Batz-sur mer<br>06 87 15 70 32<br>Ci-apr\u00e8s d\u00e9sign\u00e9 \u00ab<em>\u00a0l\u2019\u00e9diteur<\/em>\u00a0\u00bb<\/h2>\n\n\n\n<p>Directeur de publication : M. Marc Burgot<\/p>\n\n\n\n<p>H\u00e9bergement : OVH 2 rue Kellermann \u2022 59100 Roubaix \u2022 France \u2022 RCS Lille M\u00e9tropole 424 761 419 00045<\/p>\n\n\n\n<p>Politique de confidentialit\u00e9<\/p>\n\n\n\n<p><em>(r\u00e8glement europ\u00e9en n\u00b0 2016\/679, sur la protection des donn\u00e9es personnelles)<\/em><\/p>\n\n\n\n<p>Nous prenons tr\u00e8s au s\u00e9rieux votre vie priv\u00e9e. Nous nous engageons \u00e0 prot\u00e9ger vos donn\u00e9es personnelles.<\/p>\n\n\n\n<p><strong>Quelles sont les donn\u00e9es dont nous disposons ?<\/strong><\/p>\n\n\n\n<p>Les donn\u00e9es personnelles que nous gardons sont celles que vous nous fournissez afin d\u2019obtenir des informations de notre part, tel que votre nom, pr\u00e9nom, entreprise, mail, num\u00e9ro de t\u00e9l\u00e9phone.&nbsp;<\/p>\n\n\n\n<p><strong>Cookies<\/strong><\/p>\n\n\n\n<p>La consultation du site peut entra\u00eener le d\u00e9p\u00f4t de cookies sur votre site. A l\u2019exception des cookies totalement anonymes et purement techniques n\u00e9cessaires \u00e0 la navigation.<\/p>\n\n\n\n<p><strong>A quoi nous servent ces donn\u00e9es ?<\/strong><\/p>\n\n\n\n<p>A r\u00e9pondre \u00e0 toutes vos questions adress\u00e9es directement depuis un formulaire de contact de notre site Internet ;&nbsp;<\/p>\n\n\n\n<p>Vos donn\u00e9es personnelles sont trait\u00e9es conform\u00e9ment aux exigences l\u00e9gales auxquelles nous sommes tenus de r\u00e9pondre et conform\u00e9ment au R\u00e8glement G\u00e9n\u00e9ral sur la Protection des Donn\u00e9es (RGPD).<\/p>\n\n\n\n<p>En aucun cas ces donn\u00e9es ne sont communiqu\u00e9es \u00e0 des fins de prospection commerciale.<\/p>\n\n\n\n<p><strong>Vos droits :<\/strong><\/p>\n\n\n\n<p>Vos donn\u00e9es personnelles sont conserv\u00e9es sans limite de temps \u00e0 partir du moment o\u00f9&nbsp;elles nous sont transmises. Toutefois, conform\u00e9ment au r\u00e8glement UE 2016 \/ 679 du 27 Avril 2016, vous disposez d\u2019un droit d\u2019acc\u00e8s de modification et de suppression que vous pouvez nous adresser \u00e0 mail ou par courrier postal \u00e0 l&rsquo;adresse figurant ci-dessus.<\/p>\n\n\n\n<p>Le responsable du traitement des donn\u00e9es collect\u00e9es sur ce site est le directeur de publication dont le nom est mentionn\u00e9 ci-dessus.<\/p>\n\n\n\n<h3 class=\"wp-block-heading\">&nbsp;<\/h3>\n\n\n\n<h3 class=\"wp-block-heading\">Propri\u00e9t\u00e9 intellectuelle<\/h3>\n\n\n\n<p>Les textes, logos et illustrations sont la propri\u00e9t\u00e9 exclusive de l\u2019\u00e9diteur.<\/p>\n\n\n\n<p>Toute copie, m\u00eame partielle, d\u2019\u00e9l\u00e9ments r\u00e9dactionnels ou illustratifs est explicitement et strictement interdite et serait assimil\u00e9e \u00e0 une contrefa\u00e7on.<\/p>\n\n\n\n<p>L\u2019utilisation de ce site web est soumise au droit fran\u00e7ais.<\/p>\n\n\n\n<h3 class=\"wp-block-heading\">&nbsp;<\/h3>\n\n\n\n<h3 class=\"wp-block-heading\">Limitation de responsabilit\u00e9<\/h3>\n\n\n\n<p>Les informations r\u00e9dactionnelles et illustratives d\u00e9livr\u00e9es sur ce site sont fournies \u00e0 titre indicatif et ne sont pas contractuelles.<\/p>\n","protected":false},"excerpt":{"rendered":"<p>Ce site internet accessible \u00e0 l\u2019adresse\u00a0www.toison.fr\u00a0est \u00e9dit\u00e9 par\u00a0:Marc BurgotSiret :\u00a0480 615 988 2321, rue de la croix de paix44740 Batz-sur mer06 87 15 70 32Ci-apr\u00e8s d\u00e9sign\u00e9 \u00ab\u00a0l\u2019\u00e9diteur\u00a0\u00bb Directeur de publication : M. Marc Burgot H\u00e9bergement : OVH 2 rue Kellermann \u2022 59100 Roubaix \u2022 France \u2022 RCS Lille M\u00e9tropole 424 761 419 00045 Politique de [&hellip;]<\/p>\n","protected":false},"author":1,"featured_media":0,"parent":0,"menu_order":0,"comment_status":"closed","ping_status":"open","template":"","meta":{"footnotes":""},"class_list":["post-3","page","type-page","status-publish","hentry"],"_links":{"self":[{"href":"https:\/\/www.toison.fr\/index.php\/wp-json\/wp\/v2\/pages\/3","targetHints":{"allow":["GET"]}}],"collection":[{"href":"https:\/\/www.toison.fr\/index.php\/wp-json\/wp\/v2\/pages"}],"about":[{"href":"https:\/\/www.toison.fr\/index.php\/wp-json\/wp\/v2\/types\/page"}],"author":[{"embeddable":true,"href":"https:\/\/www.toison.fr\/index.php\/wp-json\/wp\/v2\/users\/1"}],"replies":[{"embeddable":true,"href":"https:\/\/www.toison.fr\/index.php\/wp-json\/wp\/v2\/comments?post=3"}],"version-history":[{"count":2,"href":"https:\/\/www.toison.fr\/index.php\/wp-json\/wp\/v2\/pages\/3\/revisions"}],"predecessor-version":[{"id":9,"href":"https:\/\/www.toison.fr\/index.php\/wp-json\/wp\/v2\/pages\/3\/revisions\/9"}],"wp:attachment":[{"href":"https:\/\/www.toison.fr\/index.php\/wp-json\/wp\/v2\/media?parent=3"}],"curies":[{"name":"wp","href":"https:\/\/api.w.org\/{rel}","templated":true}]}}