{"id":37,"date":"2025-07-21T18:55:19","date_gmt":"2025-07-21T18:55:19","guid":{"rendered":"https:\/\/www.toison.fr\/?page_id=37"},"modified":"2025-07-21T18:55:19","modified_gmt":"2025-07-21T18:55:19","slug":"reglement-interieur","status":"publish","type":"page","link":"https:\/\/www.toison.fr\/index.php\/reglement-interieur\/","title":{"rendered":"R\u00e8glement int\u00e9rieur"},"content":{"rendered":"\n<h1 class=\"wp-block-heading\">\u00e0 bord du bateau<\/h1>\n\n\n\n<p><strong>La tenue \u00e0 bord,<\/strong><\/p>\n\n\n\n<p>Chaque personne doit \u00eatre responsable, aucun \u00e9cart ne sera admis, soit l\u2019alcool est tol\u00e9r\u00e9 dans la limite du raisonnable, dans le cas ou le capitaine juge trop dangereux ou la tenue incorrect, celui-ci peut prendre la d\u00e9cision de rentrer au port et aucun remboursement ne sera fait quelque soit le nombre de personne \u00e0 bord.<\/p>\n\n\n\n<p><strong>Retard de p\u00eacheur,<\/strong><\/p>\n\n\n\n<p>Toutes personnes arrivant en retard doivent nous pr\u00e9venir avant notre d\u00e9part par t\u00e9l\u00e9phone, pour que nous puissions l\u2019attendre quelques minutes, par contre cela sera d\u00e9duit du temps de p\u00eache. Si son retard est au del\u00e0 de 20 minutes notre bateau partira sans lui ou sans eux, aucun remboursement n\u2019aura lieu aussi bien l\u2019acompte ou le paiement de la totalit\u00e9 de la sortie.<\/p>\n\n\n\n<p><strong>Mauvais temps,<\/strong><\/p>\n\n\n\n<p>Le capitaine est le seul \u00e0 d\u00e9cider la sortie ou non du bateau, le vent est un \u00e9l\u00e9ment incontr\u00f4lable, nous sommes responsable des gens \u00e0 bord. Donc si celui-ci d\u00e9cide de faire demi-tour ou d\u2019annuler la p\u00eache, la sortie sera rembours\u00e9e.<\/p>\n\n\n\n<p><strong>Le bateau,<\/strong><\/p>\n\n\n\n<p>Chacun doit respect\u00e9e le mat\u00e9riel et la&nbsp;propret\u00e9&nbsp;de celui-ci, des toilettes sont \u00e0 votre disposition.<\/p>\n\n\n\n<p><strong>&nbsp;Le poisson,<\/strong><\/p>\n\n\n\n<p>Le capitaine n\u2019est pas responsable &nbsp;du manque ou la difficult\u00e9 de la p\u00eache (courant vent etc\u2026).Le poisson vous appartient, mais vous devez respecter &nbsp;les tailles l\u00e9gales et couper la partie inf\u00e9rieure de la caudale ainsi que l\u2019impose la r\u00e9glementation. Des paniers sont \u00e0 votre disposition sous les bancs.<\/p>\n","protected":false},"excerpt":{"rendered":"<p>\u00e0 bord du bateau La tenue \u00e0 bord, Chaque personne doit \u00eatre responsable, aucun \u00e9cart ne sera admis, soit l\u2019alcool est tol\u00e9r\u00e9 dans la limite du raisonnable, dans le cas ou le capitaine juge trop dangereux ou la tenue incorrect, celui-ci peut prendre la d\u00e9cision de rentrer au port et aucun remboursement ne sera fait [&hellip;]<\/p>\n","protected":false},"author":1,"featured_media":0,"parent":0,"menu_order":0,"comment_status":"closed","ping_status":"closed","template":"","meta":{"footnotes":""},"class_list":["post-37","page","type-page","status-publish","hentry"],"_links":{"self":[{"href":"https:\/\/www.toison.fr\/index.php\/wp-json\/wp\/v2\/pages\/37","targetHints":{"allow":["GET"]}}],"collection":[{"href":"https:\/\/www.toison.fr\/index.php\/wp-json\/wp\/v2\/pages"}],"about":[{"href":"https:\/\/www.toison.fr\/index.php\/wp-json\/wp\/v2\/types\/page"}],"author":[{"embeddable":true,"href":"https:\/\/www.toison.fr\/index.php\/wp-json\/wp\/v2\/users\/1"}],"replies":[{"embeddable":true,"href":"https:\/\/www.toison.fr\/index.php\/wp-json\/wp\/v2\/comments?post=37"}],"version-history":[{"count":1,"href":"https:\/\/www.toison.fr\/index.php\/wp-json\/wp\/v2\/pages\/37\/revisions"}],"predecessor-version":[{"id":39,"href":"https:\/\/www.toison.fr\/index.php\/wp-json\/wp\/v2\/pages\/37\/revisions\/39"}],"wp:attachment":[{"href":"https:\/\/www.toison.fr\/index.php\/wp-json\/wp\/v2\/media?parent=37"}],"curies":[{"name":"wp","href":"https:\/\/api.w.org\/{rel}","templated":true}]}}